{"id":1837,"date":"2025-02-04T21:40:10","date_gmt":"2025-02-04T21:40:10","guid":{"rendered":"https:\/\/www.nargourmet.hu\/content-restricted\/"},"modified":"2026-03-06T14:17:40","modified_gmt":"2026-03-06T14:17:40","slug":"elofizetoi-tartalom","status":"publish","type":"page","link":"https:\/\/www.nargourmet.hu\/en\/elofizetoi-tartalom\/","title":{"rendered":"El\u0151fizet\u0151i tartalom"},"content":{"rendered":"<div data-elementor-type=\"wp-page\" data-elementor-id=\"1837\" class=\"elementor elementor-1837\" data-elementor-post-type=\"page\">\n\t\t\t\t<div class=\"elementor-element elementor-element-50a1bb9c e-flex e-con-boxed e-con e-parent\" data-id=\"50a1bb9c\" data-element_type=\"container\" data-e-type=\"container\" data-settings=\"{&quot;jet_parallax_layout_list&quot;:[]}\">\n\t\t\t\t\t<div class=\"e-con-inner\">\n\t\t\t\t<div data-dce-text-color=\"#000000\" class=\"elementor-element elementor-element-dd5cfda elementor-widget elementor-widget-text-editor\" data-id=\"dd5cfda\" data-element_type=\"widget\" data-e-type=\"widget\" data-widget_type=\"text-editor.default\">\n\t\t\t\t<div class=\"elementor-widget-container\">\n\t\t\t\t\t\t\t\t\t<h3>Az oldal megtekint\u00e9s\u00e9hez el\u0151fizet\u00e9s sz\u00fcks\u00e9ges.<\/h3><p>Amennyiben rendelkezel tags\u00e1ggal, kattints a bejelentkez\u00e9s gombra!<\/p>\t\t\t\t\t\t\t\t<\/div>\n\t\t\t\t<\/div>\n\t\t\t\t\t<\/div>\n\t\t\t\t<\/div>\n\t\t<div class=\"elementor-element elementor-element-877457d e-flex e-con-boxed e-con e-parent\" data-id=\"877457d\" data-element_type=\"container\" data-e-type=\"container\" data-settings=\"{&quot;jet_parallax_layout_list&quot;:[]}\">\n\t\t\t\t\t<div class=\"e-con-inner\">\n\t\t\t\t<div class=\"elementor-element elementor-element-643f118 elementor-align-center elementor-widget elementor-widget-button\" data-id=\"643f118\" data-element_type=\"widget\" data-e-type=\"widget\" data-widget_type=\"button.default\">\n\t\t\t\t<div class=\"elementor-widget-container\">\n\t\t\t\t\t\t\t\t\t<div class=\"elementor-button-wrapper\">\n\t\t\t\t\t<a class=\"elementor-button elementor-button-link elementor-size-sm\" href=\"https:\/\/www.nargourmet.hu\/en\/nar-gourmet-club\/\">\n\t\t\t\t\t\t<span class=\"elementor-button-content-wrapper\">\n\t\t\t\t\t\t\t\t\t<span class=\"elementor-button-text\">Nar Gourmet Tud\u00e1st\u00e1r<\/span>\n\t\t\t\t\t<\/span>\n\t\t\t\t\t<\/a>\n\t\t\t\t<\/div>\n\t\t\t\t\t\t\t\t<\/div>\n\t\t\t\t<\/div>\n\t\t\t\t<div class=\"elementor-element elementor-element-f688de2 elementor-align-center elementor-widget elementor-widget-button\" data-id=\"f688de2\" data-element_type=\"widget\" data-e-type=\"widget\" data-widget_type=\"button.default\">\n\t\t\t\t<div class=\"elementor-widget-container\">\n\t\t\t\t\t\t\t\t\t<div class=\"elementor-button-wrapper\">\n\t\t\t\t\t<a class=\"elementor-button elementor-button-link elementor-size-sm\" href=\"https:\/\/www.nargourmet.hu\/en\/account\/\">\n\t\t\t\t\t\t<span class=\"elementor-button-content-wrapper\">\n\t\t\t\t\t\t\t\t\t<span class=\"elementor-button-text\">Bejelentkez\u00e9s<\/span>\n\t\t\t\t\t<\/span>\n\t\t\t\t\t<\/a>\n\t\t\t\t<\/div>\n\t\t\t\t\t\t\t\t<\/div>\n\t\t\t\t<\/div>\n\t\t\t\t\t<\/div>\n\t\t\t\t<\/div>\n\t\t\t\t<\/div>","protected":false},"excerpt":{"rendered":"<p>Az oldal megtekint\u00e9s\u00e9hez el\u0151fizet\u00e9s sz\u00fcks\u00e9ges. Amennyiben rendelkezel tags\u00e1ggal, kattints a bejelentkez\u00e9s gombra! Nar Gourmet Tud\u00e1st\u00e1r Bejelentkez\u00e9s<\/p>","protected":false},"author":1,"featured_media":0,"parent":0,"menu_order":0,"comment_status":"closed","ping_status":"closed","template":"","meta":{"_acf_changed":false,"footnotes":""},"class_list":["post-1837","page","type-page","status-publish","hentry"],"acf":[],"yoast_head":"<!-- This site is optimized with the Yoast SEO plugin v27.3 - https:\/\/yoast.com\/product\/yoast-seo-wordpress\/ -->\n<title>El\u0151fizet\u0151i tartalom - Nar Gourmet<\/title>\n<meta name=\"robots\" content=\"index, follow, max-snippet:-1, max-image-preview:large, max-video-preview:-1\" \/>\n<link rel=\"canonical\" href=\"https:\/\/www.nargourmet.hu\/en\/elofizetoi-tartalom\/\" \/>\n<meta property=\"og:locale\" content=\"en_GB\" \/>\n<meta property=\"og:type\" content=\"article\" \/>\n<meta property=\"og:title\" content=\"El\u0151fizet\u0151i tartalom - Nar Gourmet\" \/>\n<meta property=\"og:description\" content=\"Az oldal megtekint\u00e9s\u00e9hez el\u0151fizet\u00e9s sz\u00fcks\u00e9ges. Amennyiben rendelkezel tags\u00e1ggal, kattints a bejelentkez\u00e9s gombra! Nar Gourmet Tud\u00e1st\u00e1r Bejelentkez\u00e9s\" \/>\n<meta property=\"og:url\" content=\"https:\/\/www.nargourmet.hu\/en\/elofizetoi-tartalom\/\" \/>\n<meta property=\"og:site_name\" content=\"Nar Gourmet\" \/>\n<meta property=\"article:modified_time\" content=\"2026-03-06T14:17:40+00:00\" \/>\n<meta name=\"twitter:card\" content=\"summary_large_image\" \/>\n<meta name=\"twitter:label1\" content=\"Estimated reading time\" \/>\n\t<meta name=\"twitter:data1\" content=\"1 minute\" \/>\n<script type=\"application\/ld+json\" class=\"yoast-schema-graph\">{\"@context\":\"https:\\\/\\\/schema.org\",\"@graph\":[{\"@type\":\"WebPage\",\"@id\":\"https:\\\/\\\/www.nargourmet.hu\\\/elofizetoi-tartalom\\\/\",\"url\":\"https:\\\/\\\/www.nargourmet.hu\\\/elofizetoi-tartalom\\\/\",\"name\":\"El\u0151fizet\u0151i tartalom - Nar Gourmet\",\"isPartOf\":{\"@id\":\"https:\\\/\\\/www.nargourmet.hu\\\/#website\"},\"datePublished\":\"2025-02-04T21:40:10+00:00\",\"dateModified\":\"2026-03-06T14:17:40+00:00\",\"breadcrumb\":{\"@id\":\"https:\\\/\\\/www.nargourmet.hu\\\/elofizetoi-tartalom\\\/#breadcrumb\"},\"inLanguage\":\"en-GB\",\"potentialAction\":[{\"@type\":\"ReadAction\",\"target\":[\"https:\\\/\\\/www.nargourmet.hu\\\/elofizetoi-tartalom\\\/\"]}]},{\"@type\":\"BreadcrumbList\",\"@id\":\"https:\\\/\\\/www.nargourmet.hu\\\/elofizetoi-tartalom\\\/#breadcrumb\",\"itemListElement\":[{\"@type\":\"ListItem\",\"position\":1,\"name\":\"Home\",\"item\":\"https:\\\/\\\/www.nargourmet.hu\\\/\"},{\"@type\":\"ListItem\",\"position\":2,\"name\":\"El\u0151fizet\u0151i tartalom\"}]},{\"@type\":\"WebSite\",\"@id\":\"https:\\\/\\\/www.nargourmet.hu\\\/#website\",\"url\":\"https:\\\/\\\/www.nargourmet.hu\\\/\",\"name\":\"Nar Gourmet\",\"description\":\"T\u00f6r\u00f6k gasztron\u00f3mia\",\"potentialAction\":[{\"@type\":\"SearchAction\",\"target\":{\"@type\":\"EntryPoint\",\"urlTemplate\":\"https:\\\/\\\/www.nargourmet.hu\\\/?s={search_term_string}\"},\"query-input\":{\"@type\":\"PropertyValueSpecification\",\"valueRequired\":true,\"valueName\":\"search_term_string\"}}],\"inLanguage\":\"en-GB\"}]}<\/script>\n<!-- \/ Yoast SEO plugin. -->","yoast_head_json":{"title":"El\u0151fizet\u0151i tartalom - Nar Gourmet","robots":{"index":"index","follow":"follow","max-snippet":"max-snippet:-1","max-image-preview":"max-image-preview:large","max-video-preview":"max-video-preview:-1"},"canonical":"https:\/\/www.nargourmet.hu\/en\/elofizetoi-tartalom\/","og_locale":"en_GB","og_type":"article","og_title":"El\u0151fizet\u0151i tartalom - Nar Gourmet","og_description":"Az oldal megtekint\u00e9s\u00e9hez el\u0151fizet\u00e9s sz\u00fcks\u00e9ges. Amennyiben rendelkezel tags\u00e1ggal, kattints a bejelentkez\u00e9s gombra! Nar Gourmet Tud\u00e1st\u00e1r Bejelentkez\u00e9s","og_url":"https:\/\/www.nargourmet.hu\/en\/elofizetoi-tartalom\/","og_site_name":"Nar Gourmet","article_modified_time":"2026-03-06T14:17:40+00:00","twitter_card":"summary_large_image","twitter_misc":{"Estimated reading time":"1 minute"},"schema":{"@context":"https:\/\/schema.org","@graph":[{"@type":"WebPage","@id":"https:\/\/www.nargourmet.hu\/elofizetoi-tartalom\/","url":"https:\/\/www.nargourmet.hu\/elofizetoi-tartalom\/","name":"El\u0151fizet\u0151i tartalom - Nar Gourmet","isPartOf":{"@id":"https:\/\/www.nargourmet.hu\/#website"},"datePublished":"2025-02-04T21:40:10+00:00","dateModified":"2026-03-06T14:17:40+00:00","breadcrumb":{"@id":"https:\/\/www.nargourmet.hu\/elofizetoi-tartalom\/#breadcrumb"},"inLanguage":"en-GB","potentialAction":[{"@type":"ReadAction","target":["https:\/\/www.nargourmet.hu\/elofizetoi-tartalom\/"]}]},{"@type":"BreadcrumbList","@id":"https:\/\/www.nargourmet.hu\/elofizetoi-tartalom\/#breadcrumb","itemListElement":[{"@type":"ListItem","position":1,"name":"Home","item":"https:\/\/www.nargourmet.hu\/"},{"@type":"ListItem","position":2,"name":"El\u0151fizet\u0151i tartalom"}]},{"@type":"WebSite","@id":"https:\/\/www.nargourmet.hu\/#website","url":"https:\/\/www.nargourmet.hu\/","name":"Nar Gourmet","description":"T\u00f6r\u00f6k gasztron\u00f3mia","potentialAction":[{"@type":"SearchAction","target":{"@type":"EntryPoint","urlTemplate":"https:\/\/www.nargourmet.hu\/?s={search_term_string}"},"query-input":{"@type":"PropertyValueSpecification","valueRequired":true,"valueName":"search_term_string"}}],"inLanguage":"en-GB"}]}},"_links":{"self":[{"href":"https:\/\/www.nargourmet.hu\/en\/wp-json\/wp\/v2\/pages\/1837","targetHints":{"allow":["GET"]}}],"collection":[{"href":"https:\/\/www.nargourmet.hu\/en\/wp-json\/wp\/v2\/pages"}],"about":[{"href":"https:\/\/www.nargourmet.hu\/en\/wp-json\/wp\/v2\/types\/page"}],"author":[{"embeddable":true,"href":"https:\/\/www.nargourmet.hu\/en\/wp-json\/wp\/v2\/users\/1"}],"replies":[{"embeddable":true,"href":"https:\/\/www.nargourmet.hu\/en\/wp-json\/wp\/v2\/comments?post=1837"}],"version-history":[{"count":6,"href":"https:\/\/www.nargourmet.hu\/en\/wp-json\/wp\/v2\/pages\/1837\/revisions"}],"predecessor-version":[{"id":3476,"href":"https:\/\/www.nargourmet.hu\/en\/wp-json\/wp\/v2\/pages\/1837\/revisions\/3476"}],"wp:attachment":[{"href":"https:\/\/www.nargourmet.hu\/en\/wp-json\/wp\/v2\/media?parent=1837"}],"curies":[{"name":"wp","href":"https:\/\/api.w.org\/{rel}","templated":true}]}}