{"id":402,"date":"2025-02-13T11:29:45","date_gmt":"2025-02-13T11:29:45","guid":{"rendered":"https:\/\/demos.artbees.net\/jupiterx\/herse\/?page_id=402"},"modified":"2025-02-26T21:21:57","modified_gmt":"2025-02-26T21:21:57","slug":"account","status":"publish","type":"page","link":"https:\/\/www.nargourmet.hu\/en\/account\/","title":{"rendered":"Account"},"content":{"rendered":"<div data-elementor-type=\"wp-page\" data-elementor-id=\"402\" class=\"elementor elementor-402\" data-elementor-post-type=\"page\">\n\t\t\t\t<div class=\"elementor-element elementor-element-a32fd2d e-flex e-con-boxed e-con e-parent\" data-id=\"a32fd2d\" data-element_type=\"container\" data-e-type=\"container\" data-settings=\"{&quot;jet_parallax_layout_list&quot;:[]}\">\n\t\t\t\t\t<div class=\"e-con-inner\">\n\t\t\t\t<div data-dce-title-color=\"#111111\" class=\"elementor-element elementor-element-69dc04a elementor-widget elementor-widget-heading\" data-id=\"69dc04a\" data-element_type=\"widget\" data-e-type=\"widget\" data-widget_type=\"heading.default\">\n\t\t\t\t<div class=\"elementor-widget-container\">\n\t\t\t\t\t<h2 class=\"elementor-heading-title elementor-size-default\">Profilom<\/h2>\t\t\t\t<\/div>\n\t\t\t\t<\/div>\n\t\t\t\t\t<\/div>\n\t\t\t\t<\/div>\n\t\t<div class=\"elementor-element elementor-element-3b3f086 e-flex e-con-boxed e-con e-parent\" data-id=\"3b3f086\" data-element_type=\"container\" data-e-type=\"container\" data-settings=\"{&quot;jet_parallax_layout_list&quot;:[]}\">\n\t\t\t\t\t<div class=\"e-con-inner\">\n\t\t\t\t<div class=\"elementor-element elementor-element-50c418b e-my-account-tabs-vertical elementor-widget elementor-widget-woocommerce-my-account\" data-id=\"50c418b\" data-element_type=\"widget\" data-e-type=\"widget\" data-widget_type=\"woocommerce-my-account.default\">\n\t\t\t\t<div class=\"elementor-widget-container\">\n\t\t\t\t\t<div class=\"e-my-account-tab e-my-account-tab__\">\t\t\t<div id='tgwc-woocommerce' data-menu-style='sidebar' data-sidebar-position='left' class=\"woocommerce\"><\/div>\t\t<\/div>\n\t\t\t\t\t\t<\/div>\n\t\t\t\t<\/div>\n\t\t\t\t\t<\/div>\n\t\t\t\t<\/div>\n\t\t\t\t<\/div>","protected":false},"excerpt":{"rendered":"<p>Profilom Vez\u00e9rl\u0151pult Rendel\u00e9sek Let\u00f6lt\u00e9sek C\u00edmek Fizet\u00e9si m\u00f3dok Profil adatok Kil\u00e9p\u00e9s \u00dcdv T\u00f3th \u00c1gi &#8211; Nar Gourmet! (nem T\u00f3th \u00c1gi &#8211; Nar Gourmet vagy? Kijelentkez\u00e9s) A fi\u00f3kban megtekinthet\u0151k a legut\u00f3bbi rendel\u00e9sek, m\u00f3dos\u00edthat\u00f3k a sz\u00e1ll\u00edt\u00e1si \u00e9s sz\u00e1ml\u00e1z\u00e1si c\u00edmek \u00e9s szerkeszthet\u0151 a jelsz\u00f3, valamint egy\u00e9b fi\u00f3k adatok.<\/p>","protected":false},"author":1,"featured_media":0,"parent":0,"menu_order":0,"comment_status":"closed","ping_status":"closed","template":"","meta":{"_acf_changed":false,"footnotes":""},"class_list":["post-402","page","type-page","status-publish","hentry"],"acf":[],"yoast_head":"<!-- This site is optimized with the Yoast SEO plugin v27.3 - https:\/\/yoast.com\/product\/yoast-seo-wordpress\/ -->\n<title>Account - Nar Gourmet<\/title>\n<meta name=\"robots\" content=\"index, follow, max-snippet:-1, max-image-preview:large, max-video-preview:-1\" \/>\n<link rel=\"canonical\" href=\"https:\/\/www.nargourmet.hu\/en\/account\/\" \/>\n<meta property=\"og:locale\" content=\"en_GB\" \/>\n<meta property=\"og:type\" content=\"article\" \/>\n<meta property=\"og:title\" content=\"Account - Nar Gourmet\" \/>\n<meta property=\"og:description\" content=\"Profilom Vez\u00e9rl\u0151pult Rendel\u00e9sek Let\u00f6lt\u00e9sek C\u00edmek Fizet\u00e9si m\u00f3dok Profil adatok Kil\u00e9p\u00e9s \u00dcdv T\u00f3th \u00c1gi &#8211; Nar Gourmet! (nem T\u00f3th \u00c1gi &#8211; Nar Gourmet vagy? Kijelentkez\u00e9s) A fi\u00f3kban megtekinthet\u0151k a legut\u00f3bbi rendel\u00e9sek, m\u00f3dos\u00edthat\u00f3k a sz\u00e1ll\u00edt\u00e1si \u00e9s sz\u00e1ml\u00e1z\u00e1si c\u00edmek \u00e9s szerkeszthet\u0151 a jelsz\u00f3, valamint egy\u00e9b fi\u00f3k adatok.\" \/>\n<meta property=\"og:url\" content=\"https:\/\/www.nargourmet.hu\/en\/account\/\" \/>\n<meta property=\"og:site_name\" content=\"Nar Gourmet\" \/>\n<meta property=\"article:modified_time\" content=\"2025-02-26T21:21:57+00:00\" \/>\n<meta name=\"twitter:card\" content=\"summary_large_image\" \/>\n<meta name=\"twitter:label1\" content=\"Estimated reading time\" \/>\n\t<meta name=\"twitter:data1\" content=\"1 minute\" \/>\n<script type=\"application\/ld+json\" class=\"yoast-schema-graph\">{\"@context\":\"https:\\\/\\\/schema.org\",\"@graph\":[{\"@type\":\"WebPage\",\"@id\":\"https:\\\/\\\/www.nargourmet.hu\\\/account\\\/\",\"url\":\"https:\\\/\\\/www.nargourmet.hu\\\/account\\\/\",\"name\":\"Account - Nar Gourmet\",\"isPartOf\":{\"@id\":\"https:\\\/\\\/www.nargourmet.hu\\\/#website\"},\"datePublished\":\"2025-02-13T11:29:45+00:00\",\"dateModified\":\"2025-02-26T21:21:57+00:00\",\"breadcrumb\":{\"@id\":\"https:\\\/\\\/www.nargourmet.hu\\\/account\\\/#breadcrumb\"},\"inLanguage\":\"en-GB\",\"potentialAction\":[{\"@type\":\"ReadAction\",\"target\":[\"https:\\\/\\\/www.nargourmet.hu\\\/account\\\/\"]}]},{\"@type\":\"BreadcrumbList\",\"@id\":\"https:\\\/\\\/www.nargourmet.hu\\\/account\\\/#breadcrumb\",\"itemListElement\":[{\"@type\":\"ListItem\",\"position\":1,\"name\":\"Home\",\"item\":\"https:\\\/\\\/www.nargourmet.hu\\\/\"},{\"@type\":\"ListItem\",\"position\":2,\"name\":\"Account\"}]},{\"@type\":\"WebSite\",\"@id\":\"https:\\\/\\\/www.nargourmet.hu\\\/#website\",\"url\":\"https:\\\/\\\/www.nargourmet.hu\\\/\",\"name\":\"Nar Gourmet\",\"description\":\"T\u00f6r\u00f6k gasztron\u00f3mia\",\"potentialAction\":[{\"@type\":\"SearchAction\",\"target\":{\"@type\":\"EntryPoint\",\"urlTemplate\":\"https:\\\/\\\/www.nargourmet.hu\\\/?s={search_term_string}\"},\"query-input\":{\"@type\":\"PropertyValueSpecification\",\"valueRequired\":true,\"valueName\":\"search_term_string\"}}],\"inLanguage\":\"en-GB\"}]}<\/script>\n<!-- \/ Yoast SEO plugin. -->","yoast_head_json":{"title":"Account - Nar Gourmet","robots":{"index":"index","follow":"follow","max-snippet":"max-snippet:-1","max-image-preview":"max-image-preview:large","max-video-preview":"max-video-preview:-1"},"canonical":"https:\/\/www.nargourmet.hu\/en\/account\/","og_locale":"en_GB","og_type":"article","og_title":"Account - Nar Gourmet","og_description":"Profilom Vez\u00e9rl\u0151pult Rendel\u00e9sek Let\u00f6lt\u00e9sek C\u00edmek Fizet\u00e9si m\u00f3dok Profil adatok Kil\u00e9p\u00e9s \u00dcdv T\u00f3th \u00c1gi &#8211; Nar Gourmet! (nem T\u00f3th \u00c1gi &#8211; Nar Gourmet vagy? Kijelentkez\u00e9s) A fi\u00f3kban megtekinthet\u0151k a legut\u00f3bbi rendel\u00e9sek, m\u00f3dos\u00edthat\u00f3k a sz\u00e1ll\u00edt\u00e1si \u00e9s sz\u00e1ml\u00e1z\u00e1si c\u00edmek \u00e9s szerkeszthet\u0151 a jelsz\u00f3, valamint egy\u00e9b fi\u00f3k adatok.","og_url":"https:\/\/www.nargourmet.hu\/en\/account\/","og_site_name":"Nar Gourmet","article_modified_time":"2025-02-26T21:21:57+00:00","twitter_card":"summary_large_image","twitter_misc":{"Estimated reading time":"1 minute"},"schema":{"@context":"https:\/\/schema.org","@graph":[{"@type":"WebPage","@id":"https:\/\/www.nargourmet.hu\/account\/","url":"https:\/\/www.nargourmet.hu\/account\/","name":"Account - Nar Gourmet","isPartOf":{"@id":"https:\/\/www.nargourmet.hu\/#website"},"datePublished":"2025-02-13T11:29:45+00:00","dateModified":"2025-02-26T21:21:57+00:00","breadcrumb":{"@id":"https:\/\/www.nargourmet.hu\/account\/#breadcrumb"},"inLanguage":"en-GB","potentialAction":[{"@type":"ReadAction","target":["https:\/\/www.nargourmet.hu\/account\/"]}]},{"@type":"BreadcrumbList","@id":"https:\/\/www.nargourmet.hu\/account\/#breadcrumb","itemListElement":[{"@type":"ListItem","position":1,"name":"Home","item":"https:\/\/www.nargourmet.hu\/"},{"@type":"ListItem","position":2,"name":"Account"}]},{"@type":"WebSite","@id":"https:\/\/www.nargourmet.hu\/#website","url":"https:\/\/www.nargourmet.hu\/","name":"Nar Gourmet","description":"T\u00f6r\u00f6k gasztron\u00f3mia","potentialAction":[{"@type":"SearchAction","target":{"@type":"EntryPoint","urlTemplate":"https:\/\/www.nargourmet.hu\/?s={search_term_string}"},"query-input":{"@type":"PropertyValueSpecification","valueRequired":true,"valueName":"search_term_string"}}],"inLanguage":"en-GB"}]}},"_links":{"self":[{"href":"https:\/\/www.nargourmet.hu\/en\/wp-json\/wp\/v2\/pages\/402","targetHints":{"allow":["GET"]}}],"collection":[{"href":"https:\/\/www.nargourmet.hu\/en\/wp-json\/wp\/v2\/pages"}],"about":[{"href":"https:\/\/www.nargourmet.hu\/en\/wp-json\/wp\/v2\/types\/page"}],"author":[{"embeddable":true,"href":"https:\/\/www.nargourmet.hu\/en\/wp-json\/wp\/v2\/users\/1"}],"replies":[{"embeddable":true,"href":"https:\/\/www.nargourmet.hu\/en\/wp-json\/wp\/v2\/comments?post=402"}],"version-history":[{"count":7,"href":"https:\/\/www.nargourmet.hu\/en\/wp-json\/wp\/v2\/pages\/402\/revisions"}],"predecessor-version":[{"id":2372,"href":"https:\/\/www.nargourmet.hu\/en\/wp-json\/wp\/v2\/pages\/402\/revisions\/2372"}],"wp:attachment":[{"href":"https:\/\/www.nargourmet.hu\/en\/wp-json\/wp\/v2\/media?parent=402"}],"curies":[{"name":"wp","href":"https:\/\/api.w.org\/{rel}","templated":true}]}}