{"id":408,"date":"2018-10-12T21:31:49","date_gmt":"2018-10-12T21:31:49","guid":{"rendered":"https:\/\/demos.artbees.net\/jupiterx\/herse\/?page_id=408"},"modified":"2025-02-26T20:32:02","modified_gmt":"2025-02-26T20:32:02","slug":"blog","status":"publish","type":"page","link":"https:\/\/www.nargourmet.hu\/en\/blog\/","title":{"rendered":"Blog"},"content":{"rendered":"<p>Ebben a vide\u00f3ban egy olyan angol nyelv\u0171 szak\u00e1csk\u00f6nyvr\u0151l mes\u00e9ltem, amib\u0151l \u00e9n a legt\u00f6bbet tanultam az orsz\u00e1g region\u00e1lis konyh\u00e1ir\u00f3l, az egyes r\u00e9gi\u00f3k specialit\u00e1sair\u00f3l m\u00e9g azel\u0151tt, hogy beutazhattam volna ezeket a vid\u00e9keket. Ha \u00e9rdekelnek titeket ak\u00e1r a fekete-tengeri vagy a d\u00e9lkelet-t\u00f6r\u00f6korsz\u00e1gi k\u00fcl\u00f6nlegess\u00e9gek, ezt a k\u00f6nyvet mindenk\u00e9pp javaslom beszerezni!<\/p>\n \t\t<div class=\"woocommerce\">\n\t\t\t<div class=\"woocommerce-info wc-memberships-restriction-message wc-memberships-message wc-memberships-content-restricted-message\">\n\t\t\t\tA tartalom megtekint\u00e9s\u00e9hez el\u0151fizet\u00e9s sz\u00fcks\u00e9ges.\t\t    <\/div>\n\t\t<\/div>","protected":false},"excerpt":{"rendered":"<p>Ebben a vide\u00f3ban egy olyan angol nyelv\u0171 szak\u00e1csk\u00f6nyvr\u0151l mes\u00e9ltem, amib\u0151l \u00e9n a legt\u00f6bbet tanultam az orsz\u00e1g region\u00e1lis konyh\u00e1ir\u00f3l, az egyes r\u00e9gi\u00f3k specialit\u00e1sair\u00f3l m\u00e9g azel\u0151tt, hogy beutazhattam volna ezeket a vid\u00e9keket. Ha \u00e9rdekelnek titeket ak\u00e1r a fekete-tengeri vagy a d\u00e9lkelet-t\u00f6r\u00f6korsz\u00e1gi k\u00fcl\u00f6nlegess\u00e9gek, ezt a k\u00f6nyvet mindenk\u00e9pp javaslom beszerezni! A tartalom megtekint\u00e9s\u00e9hez el\u0151fizet\u00e9s sz\u00fcks\u00e9ges.<\/p>","protected":false},"author":1,"featured_media":0,"parent":0,"menu_order":0,"comment_status":"closed","ping_status":"closed","template":"","meta":{"_acf_changed":false,"footnotes":""},"class_list":["post-408","page","type-page","status-publish","hentry"],"acf":[],"yoast_head":"<!-- This site is optimized with the Yoast SEO plugin v27.3 - https:\/\/yoast.com\/product\/yoast-seo-wordpress\/ -->\n<title>Blog - Nar Gourmet<\/title>\n<meta name=\"robots\" content=\"index, follow, max-snippet:-1, max-image-preview:large, max-video-preview:-1\" \/>\n<link rel=\"canonical\" href=\"https:\/\/www.nargourmet.hu\/en\/blog\/\" \/>\n<meta property=\"og:locale\" content=\"en_GB\" \/>\n<meta property=\"og:type\" content=\"article\" \/>\n<meta property=\"og:title\" content=\"Blog - Nar Gourmet\" \/>\n<meta property=\"og:description\" content=\"Ebben a vide\u00f3ban egy olyan angol nyelv\u0171 szak\u00e1csk\u00f6nyvr\u0151l mes\u00e9ltem, amib\u0151l \u00e9n a legt\u00f6bbet tanultam az orsz\u00e1g region\u00e1lis konyh\u00e1ir\u00f3l, az egyes r\u00e9gi\u00f3k specialit\u00e1sair\u00f3l m\u00e9g azel\u0151tt, hogy beutazhattam volna ezeket a vid\u00e9keket. Ha \u00e9rdekelnek titeket ak\u00e1r a fekete-tengeri vagy a d\u00e9lkelet-t\u00f6r\u00f6korsz\u00e1gi k\u00fcl\u00f6nlegess\u00e9gek, ezt a k\u00f6nyvet mindenk\u00e9pp javaslom beszerezni! A tartalom megtekint\u00e9s\u00e9hez el\u0151fizet\u00e9s sz\u00fcks\u00e9ges.\" \/>\n<meta property=\"og:url\" content=\"https:\/\/www.nargourmet.hu\/en\/blog\/\" \/>\n<meta property=\"og:site_name\" content=\"Nar Gourmet\" \/>\n<meta property=\"article:modified_time\" content=\"2025-02-26T20:32:02+00:00\" \/>\n<meta name=\"twitter:card\" content=\"summary_large_image\" \/>\n<meta name=\"twitter:label1\" content=\"Estimated reading time\" \/>\n\t<meta name=\"twitter:data1\" content=\"5 minutes\" \/>\n<script type=\"application\/ld+json\" class=\"yoast-schema-graph\">{\"@context\":\"https:\\\/\\\/schema.org\",\"@graph\":[{\"@type\":\"WebPage\",\"@id\":\"https:\\\/\\\/www.nargourmet.hu\\\/blog\\\/\",\"url\":\"https:\\\/\\\/www.nargourmet.hu\\\/blog\\\/\",\"name\":\"Blog - Nar Gourmet\",\"isPartOf\":{\"@id\":\"https:\\\/\\\/www.nargourmet.hu\\\/#website\"},\"datePublished\":\"2018-10-12T21:31:49+00:00\",\"dateModified\":\"2025-02-26T20:32:02+00:00\",\"breadcrumb\":{\"@id\":\"https:\\\/\\\/www.nargourmet.hu\\\/blog\\\/#breadcrumb\"},\"inLanguage\":\"en-GB\",\"potentialAction\":[{\"@type\":\"ReadAction\",\"target\":[\"https:\\\/\\\/www.nargourmet.hu\\\/blog\\\/\"]}]},{\"@type\":\"BreadcrumbList\",\"@id\":\"https:\\\/\\\/www.nargourmet.hu\\\/blog\\\/#breadcrumb\",\"itemListElement\":[{\"@type\":\"ListItem\",\"position\":1,\"name\":\"Home\",\"item\":\"https:\\\/\\\/www.nargourmet.hu\\\/\"},{\"@type\":\"ListItem\",\"position\":2,\"name\":\"Blog\"}]},{\"@type\":\"WebSite\",\"@id\":\"https:\\\/\\\/www.nargourmet.hu\\\/#website\",\"url\":\"https:\\\/\\\/www.nargourmet.hu\\\/\",\"name\":\"Nar Gourmet\",\"description\":\"T\u00f6r\u00f6k gasztron\u00f3mia\",\"potentialAction\":[{\"@type\":\"SearchAction\",\"target\":{\"@type\":\"EntryPoint\",\"urlTemplate\":\"https:\\\/\\\/www.nargourmet.hu\\\/?s={search_term_string}\"},\"query-input\":{\"@type\":\"PropertyValueSpecification\",\"valueRequired\":true,\"valueName\":\"search_term_string\"}}],\"inLanguage\":\"en-GB\"}]}<\/script>\n<!-- \/ Yoast SEO plugin. -->","yoast_head_json":{"title":"Blog - Nar Gourmet","robots":{"index":"index","follow":"follow","max-snippet":"max-snippet:-1","max-image-preview":"max-image-preview:large","max-video-preview":"max-video-preview:-1"},"canonical":"https:\/\/www.nargourmet.hu\/en\/blog\/","og_locale":"en_GB","og_type":"article","og_title":"Blog - Nar Gourmet","og_description":"Ebben a vide\u00f3ban egy olyan angol nyelv\u0171 szak\u00e1csk\u00f6nyvr\u0151l mes\u00e9ltem, amib\u0151l \u00e9n a legt\u00f6bbet tanultam az orsz\u00e1g region\u00e1lis konyh\u00e1ir\u00f3l, az egyes r\u00e9gi\u00f3k specialit\u00e1sair\u00f3l m\u00e9g azel\u0151tt, hogy beutazhattam volna ezeket a vid\u00e9keket. Ha \u00e9rdekelnek titeket ak\u00e1r a fekete-tengeri vagy a d\u00e9lkelet-t\u00f6r\u00f6korsz\u00e1gi k\u00fcl\u00f6nlegess\u00e9gek, ezt a k\u00f6nyvet mindenk\u00e9pp javaslom beszerezni! A tartalom megtekint\u00e9s\u00e9hez el\u0151fizet\u00e9s sz\u00fcks\u00e9ges.","og_url":"https:\/\/www.nargourmet.hu\/en\/blog\/","og_site_name":"Nar Gourmet","article_modified_time":"2025-02-26T20:32:02+00:00","twitter_card":"summary_large_image","twitter_misc":{"Estimated reading time":"5 minutes"},"schema":{"@context":"https:\/\/schema.org","@graph":[{"@type":"WebPage","@id":"https:\/\/www.nargourmet.hu\/blog\/","url":"https:\/\/www.nargourmet.hu\/blog\/","name":"Blog - Nar Gourmet","isPartOf":{"@id":"https:\/\/www.nargourmet.hu\/#website"},"datePublished":"2018-10-12T21:31:49+00:00","dateModified":"2025-02-26T20:32:02+00:00","breadcrumb":{"@id":"https:\/\/www.nargourmet.hu\/blog\/#breadcrumb"},"inLanguage":"en-GB","potentialAction":[{"@type":"ReadAction","target":["https:\/\/www.nargourmet.hu\/blog\/"]}]},{"@type":"BreadcrumbList","@id":"https:\/\/www.nargourmet.hu\/blog\/#breadcrumb","itemListElement":[{"@type":"ListItem","position":1,"name":"Home","item":"https:\/\/www.nargourmet.hu\/"},{"@type":"ListItem","position":2,"name":"Blog"}]},{"@type":"WebSite","@id":"https:\/\/www.nargourmet.hu\/#website","url":"https:\/\/www.nargourmet.hu\/","name":"Nar Gourmet","description":"T\u00f6r\u00f6k gasztron\u00f3mia","potentialAction":[{"@type":"SearchAction","target":{"@type":"EntryPoint","urlTemplate":"https:\/\/www.nargourmet.hu\/?s={search_term_string}"},"query-input":{"@type":"PropertyValueSpecification","valueRequired":true,"valueName":"search_term_string"}}],"inLanguage":"en-GB"}]}},"_links":{"self":[{"href":"https:\/\/www.nargourmet.hu\/en\/wp-json\/wp\/v2\/pages\/408","targetHints":{"allow":["GET"]}}],"collection":[{"href":"https:\/\/www.nargourmet.hu\/en\/wp-json\/wp\/v2\/pages"}],"about":[{"href":"https:\/\/www.nargourmet.hu\/en\/wp-json\/wp\/v2\/types\/page"}],"author":[{"embeddable":true,"href":"https:\/\/www.nargourmet.hu\/en\/wp-json\/wp\/v2\/users\/1"}],"replies":[{"embeddable":true,"href":"https:\/\/www.nargourmet.hu\/en\/wp-json\/wp\/v2\/comments?post=408"}],"version-history":[{"count":6,"href":"https:\/\/www.nargourmet.hu\/en\/wp-json\/wp\/v2\/pages\/408\/revisions"}],"predecessor-version":[{"id":2267,"href":"https:\/\/www.nargourmet.hu\/en\/wp-json\/wp\/v2\/pages\/408\/revisions\/2267"}],"wp:attachment":[{"href":"https:\/\/www.nargourmet.hu\/en\/wp-json\/wp\/v2\/media?parent=408"}],"curies":[{"name":"wp","href":"https:\/\/api.w.org\/{rel}","templated":true}]}}