{"id":1863,"date":"2025-02-19T14:33:36","date_gmt":"2025-02-19T14:33:36","guid":{"rendered":"https:\/\/www.nargourmet.hu\/?post_type=product&#038;p=1863"},"modified":"2025-04-17T12:55:32","modified_gmt":"2025-04-17T12:55:32","slug":"kadikoy","status":"publish","type":"product","link":"https:\/\/www.nargourmet.hu\/en\/product\/kadikoy\/","title":{"rendered":"Kad\u0131k\u00f6y"},"content":{"rendered":"","protected":false},"excerpt":{"rendered":"<p>Kad\u0131k\u00f6y egy ny\u00fczsg\u0151 ker\u00fclet Isztambul \u00e1zsiai oldal\u00e1n rengeteg kultur\u00e1lis l\u00e1tnival\u00f3val, izgalmas gasztro c\u00e9lponttal. Fedezd fel te is a v\u00e1ros egy kev\u00e9sb\u00e9 ismert arc\u00e1t!<\/p>\n<p><strong>(38 oldal)<\/strong><\/p>","protected":false},"featured_media":2508,"template":"","meta":{"_acf_changed":false},"product_brand":[],"product_cat":[483],"product_tag":[],"class_list":{"0":"post-1863","1":"product","2":"type-product","3":"status-publish","4":"has-post-thumbnail","6":"product_cat-utleirasok","8":"first","9":"instock","10":"virtual","11":"sold-individually","12":"purchasable","13":"product-type-simple"},"acf":[],"yoast_head":"<!-- This site is optimized with the Yoast SEO plugin v27.5 - https:\/\/yoast.com\/product\/yoast-seo-wordpress\/ -->\n<title>Kad\u0131k\u00f6y - Nar Gourmet<\/title>\n<meta name=\"robots\" content=\"index, follow, max-snippet:-1, max-image-preview:large, max-video-preview:-1\" \/>\n<link rel=\"canonical\" href=\"https:\/\/www.nargourmet.hu\/en\/product\/kadikoy\/\" \/>\n<meta property=\"og:locale\" content=\"en_GB\" \/>\n<meta property=\"og:type\" content=\"article\" \/>\n<meta property=\"og:title\" content=\"Kad\u0131k\u00f6y - Nar Gourmet\" \/>\n<meta property=\"og:description\" content=\"Kad\u0131k\u00f6y egy ny\u00fczsg\u0151 ker\u00fclet Isztambul \u00e1zsiai oldal\u00e1n rengeteg kultur\u00e1lis l\u00e1tnival\u00f3val, izgalmas gasztro c\u00e9lponttal. Fedezd fel te is a v\u00e1ros egy kev\u00e9sb\u00e9 ismert arc\u00e1t!  (38 oldal)\" \/>\n<meta property=\"og:url\" content=\"https:\/\/www.nargourmet.hu\/en\/product\/kadikoy\/\" \/>\n<meta property=\"og:site_name\" content=\"Nar Gourmet\" \/>\n<meta property=\"article:modified_time\" content=\"2025-04-17T12:55:32+00:00\" \/>\n<meta property=\"og:image\" content=\"https:\/\/www.nargourmet.hu\/wp-content\/uploads\/2025\/02\/2025-02-28-22_22_59-kadikoy-3_compressed.pdf-kadikoy-SumatraPDF.jpg\" \/>\n\t<meta property=\"og:image:width\" content=\"563\" \/>\n\t<meta property=\"og:image:height\" content=\"491\" \/>\n\t<meta property=\"og:image:type\" content=\"image\/jpeg\" \/>\n<meta name=\"twitter:card\" content=\"summary_large_image\" \/>\n<meta name=\"twitter:label1\" content=\"Estimated reading time\" \/>\n\t<meta name=\"twitter:data1\" content=\"1 minute\" \/>\n<script type=\"application\/ld+json\" class=\"yoast-schema-graph\">{\"@context\":\"https:\\\/\\\/schema.org\",\"@graph\":[{\"@type\":\"WebPage\",\"@id\":\"https:\\\/\\\/www.nargourmet.hu\\\/product\\\/kadikoy\\\/\",\"url\":\"https:\\\/\\\/www.nargourmet.hu\\\/product\\\/kadikoy\\\/\",\"name\":\"Kad\u0131k\u00f6y - Nar Gourmet\",\"isPartOf\":{\"@id\":\"https:\\\/\\\/www.nargourmet.hu\\\/#website\"},\"primaryImageOfPage\":{\"@id\":\"https:\\\/\\\/www.nargourmet.hu\\\/product\\\/kadikoy\\\/#primaryimage\"},\"image\":{\"@id\":\"https:\\\/\\\/www.nargourmet.hu\\\/product\\\/kadikoy\\\/#primaryimage\"},\"thumbnailUrl\":\"https:\\\/\\\/www.nargourmet.hu\\\/wp-content\\\/uploads\\\/2025\\\/02\\\/2025-02-28-22_22_59-kadikoy-3_compressed.pdf-kadikoy-SumatraPDF.jpg\",\"datePublished\":\"2025-02-19T14:33:36+00:00\",\"dateModified\":\"2025-04-17T12:55:32+00:00\",\"breadcrumb\":{\"@id\":\"https:\\\/\\\/www.nargourmet.hu\\\/product\\\/kadikoy\\\/#breadcrumb\"},\"inLanguage\":\"en-GB\",\"potentialAction\":[{\"@type\":\"ReadAction\",\"target\":[\"https:\\\/\\\/www.nargourmet.hu\\\/product\\\/kadikoy\\\/\"]}]},{\"@type\":\"ImageObject\",\"inLanguage\":\"en-GB\",\"@id\":\"https:\\\/\\\/www.nargourmet.hu\\\/product\\\/kadikoy\\\/#primaryimage\",\"url\":\"https:\\\/\\\/www.nargourmet.hu\\\/wp-content\\\/uploads\\\/2025\\\/02\\\/2025-02-28-22_22_59-kadikoy-3_compressed.pdf-kadikoy-SumatraPDF.jpg\",\"contentUrl\":\"https:\\\/\\\/www.nargourmet.hu\\\/wp-content\\\/uploads\\\/2025\\\/02\\\/2025-02-28-22_22_59-kadikoy-3_compressed.pdf-kadikoy-SumatraPDF.jpg\",\"width\":563,\"height\":491},{\"@type\":\"BreadcrumbList\",\"@id\":\"https:\\\/\\\/www.nargourmet.hu\\\/product\\\/kadikoy\\\/#breadcrumb\",\"itemListElement\":[{\"@type\":\"ListItem\",\"position\":1,\"name\":\"Home\",\"item\":\"https:\\\/\\\/www.nargourmet.hu\\\/\"},{\"@type\":\"ListItem\",\"position\":2,\"name\":\"Products\",\"item\":\"https:\\\/\\\/www.nargourmet.hu\\\/en\\\/shop\\\/\"},{\"@type\":\"ListItem\",\"position\":3,\"name\":\"Kad\u0131k\u00f6y\"}]},{\"@type\":\"WebSite\",\"@id\":\"https:\\\/\\\/www.nargourmet.hu\\\/#website\",\"url\":\"https:\\\/\\\/www.nargourmet.hu\\\/\",\"name\":\"Nar Gourmet\",\"description\":\"T\u00f6r\u00f6k gasztron\u00f3mia\",\"potentialAction\":[{\"@type\":\"SearchAction\",\"target\":{\"@type\":\"EntryPoint\",\"urlTemplate\":\"https:\\\/\\\/www.nargourmet.hu\\\/?s={search_term_string}\"},\"query-input\":{\"@type\":\"PropertyValueSpecification\",\"valueRequired\":true,\"valueName\":\"search_term_string\"}}],\"inLanguage\":\"en-GB\"}]}<\/script>\n<!-- \/ Yoast SEO plugin. -->","yoast_head_json":{"title":"Kad\u0131k\u00f6y - Nar Gourmet","robots":{"index":"index","follow":"follow","max-snippet":"max-snippet:-1","max-image-preview":"max-image-preview:large","max-video-preview":"max-video-preview:-1"},"canonical":"https:\/\/www.nargourmet.hu\/en\/product\/kadikoy\/","og_locale":"en_GB","og_type":"article","og_title":"Kad\u0131k\u00f6y - Nar Gourmet","og_description":"Kad\u0131k\u00f6y egy ny\u00fczsg\u0151 ker\u00fclet Isztambul \u00e1zsiai oldal\u00e1n rengeteg kultur\u00e1lis l\u00e1tnival\u00f3val, izgalmas gasztro c\u00e9lponttal. Fedezd fel te is a v\u00e1ros egy kev\u00e9sb\u00e9 ismert arc\u00e1t!  (38 oldal)","og_url":"https:\/\/www.nargourmet.hu\/en\/product\/kadikoy\/","og_site_name":"Nar Gourmet","article_modified_time":"2025-04-17T12:55:32+00:00","og_image":[{"width":563,"height":491,"url":"https:\/\/www.nargourmet.hu\/wp-content\/uploads\/2025\/02\/2025-02-28-22_22_59-kadikoy-3_compressed.pdf-kadikoy-SumatraPDF.jpg","type":"image\/jpeg"}],"twitter_card":"summary_large_image","twitter_misc":{"Estimated reading time":"1 minute"},"schema":{"@context":"https:\/\/schema.org","@graph":[{"@type":"WebPage","@id":"https:\/\/www.nargourmet.hu\/product\/kadikoy\/","url":"https:\/\/www.nargourmet.hu\/product\/kadikoy\/","name":"Kad\u0131k\u00f6y - Nar Gourmet","isPartOf":{"@id":"https:\/\/www.nargourmet.hu\/#website"},"primaryImageOfPage":{"@id":"https:\/\/www.nargourmet.hu\/product\/kadikoy\/#primaryimage"},"image":{"@id":"https:\/\/www.nargourmet.hu\/product\/kadikoy\/#primaryimage"},"thumbnailUrl":"https:\/\/www.nargourmet.hu\/wp-content\/uploads\/2025\/02\/2025-02-28-22_22_59-kadikoy-3_compressed.pdf-kadikoy-SumatraPDF.jpg","datePublished":"2025-02-19T14:33:36+00:00","dateModified":"2025-04-17T12:55:32+00:00","breadcrumb":{"@id":"https:\/\/www.nargourmet.hu\/product\/kadikoy\/#breadcrumb"},"inLanguage":"en-GB","potentialAction":[{"@type":"ReadAction","target":["https:\/\/www.nargourmet.hu\/product\/kadikoy\/"]}]},{"@type":"ImageObject","inLanguage":"en-GB","@id":"https:\/\/www.nargourmet.hu\/product\/kadikoy\/#primaryimage","url":"https:\/\/www.nargourmet.hu\/wp-content\/uploads\/2025\/02\/2025-02-28-22_22_59-kadikoy-3_compressed.pdf-kadikoy-SumatraPDF.jpg","contentUrl":"https:\/\/www.nargourmet.hu\/wp-content\/uploads\/2025\/02\/2025-02-28-22_22_59-kadikoy-3_compressed.pdf-kadikoy-SumatraPDF.jpg","width":563,"height":491},{"@type":"BreadcrumbList","@id":"https:\/\/www.nargourmet.hu\/product\/kadikoy\/#breadcrumb","itemListElement":[{"@type":"ListItem","position":1,"name":"Home","item":"https:\/\/www.nargourmet.hu\/"},{"@type":"ListItem","position":2,"name":"Products","item":"https:\/\/www.nargourmet.hu\/en\/shop\/"},{"@type":"ListItem","position":3,"name":"Kad\u0131k\u00f6y"}]},{"@type":"WebSite","@id":"https:\/\/www.nargourmet.hu\/#website","url":"https:\/\/www.nargourmet.hu\/","name":"Nar Gourmet","description":"T\u00f6r\u00f6k gasztron\u00f3mia","potentialAction":[{"@type":"SearchAction","target":{"@type":"EntryPoint","urlTemplate":"https:\/\/www.nargourmet.hu\/?s={search_term_string}"},"query-input":{"@type":"PropertyValueSpecification","valueRequired":true,"valueName":"search_term_string"}}],"inLanguage":"en-GB"}]}},"_links":{"self":[{"href":"https:\/\/www.nargourmet.hu\/en\/wp-json\/wp\/v2\/product\/1863","targetHints":{"allow":["GET"]}}],"collection":[{"href":"https:\/\/www.nargourmet.hu\/en\/wp-json\/wp\/v2\/product"}],"about":[{"href":"https:\/\/www.nargourmet.hu\/en\/wp-json\/wp\/v2\/types\/product"}],"wp:featuredmedia":[{"embeddable":true,"href":"https:\/\/www.nargourmet.hu\/en\/wp-json\/wp\/v2\/media\/2508"}],"wp:attachment":[{"href":"https:\/\/www.nargourmet.hu\/en\/wp-json\/wp\/v2\/media?parent=1863"}],"wp:term":[{"taxonomy":"product_brand","embeddable":true,"href":"https:\/\/www.nargourmet.hu\/en\/wp-json\/wp\/v2\/product_brand?post=1863"},{"taxonomy":"product_cat","embeddable":true,"href":"https:\/\/www.nargourmet.hu\/en\/wp-json\/wp\/v2\/product_cat?post=1863"},{"taxonomy":"product_tag","embeddable":true,"href":"https:\/\/www.nargourmet.hu\/en\/wp-json\/wp\/v2\/product_tag?post=1863"}],"curies":[{"name":"wp","href":"https:\/\/api.w.org\/{rel}","templated":true}]}}