{"id":3459,"date":"2026-03-06T13:47:16","date_gmt":"2026-03-06T13:47:16","guid":{"rendered":"https:\/\/www.nargourmet.hu\/?post_type=product&#038;p=3459"},"modified":"2026-03-06T13:47:17","modified_gmt":"2026-03-06T13:47:17","slug":"nar-gourmet-tudastar-1-honapra","status":"publish","type":"product","link":"https:\/\/www.nargourmet.hu\/en\/product\/nar-gourmet-tudastar-1-honapra\/","title":{"rendered":"Nar Gourmet Tud\u00e1st\u00e1r &#8211; 1 h\u00f3napra"},"content":{"rendered":"","protected":false},"excerpt":{"rendered":"","protected":false},"featured_media":1761,"template":"","meta":{"_acf_changed":false},"product_brand":[],"product_cat":[15],"product_tag":[],"class_list":{"0":"post-3459","1":"product","2":"type-product","3":"status-publish","4":"has-post-thumbnail","6":"product_cat-uncategorized","8":"first","9":"instock","10":"virtual","11":"purchasable","12":"product-type-simple"},"acf":[],"yoast_head":"<!-- This site is optimized with the Yoast SEO plugin v27.5 - https:\/\/yoast.com\/product\/yoast-seo-wordpress\/ -->\n<title>Nar Gourmet Tud\u00e1st\u00e1r - 1 h\u00f3napra - Nar Gourmet<\/title>\n<meta name=\"robots\" content=\"index, follow, max-snippet:-1, max-image-preview:large, max-video-preview:-1\" \/>\n<link rel=\"canonical\" href=\"https:\/\/www.nargourmet.hu\/en\/product\/nar-gourmet-tudastar-1-honapra\/\" \/>\n<meta property=\"og:locale\" content=\"en_GB\" \/>\n<meta property=\"og:type\" content=\"article\" \/>\n<meta property=\"og:title\" content=\"Nar Gourmet Tud\u00e1st\u00e1r - 1 h\u00f3napra - Nar Gourmet\" \/>\n<meta property=\"og:url\" content=\"https:\/\/www.nargourmet.hu\/en\/product\/nar-gourmet-tudastar-1-honapra\/\" \/>\n<meta property=\"og:site_name\" content=\"Nar Gourmet\" \/>\n<meta property=\"article:modified_time\" content=\"2026-03-06T13:47:17+00:00\" \/>\n<meta property=\"og:image\" content=\"https:\/\/www.nargourmet.hu\/wp-content\/uploads\/2022\/08\/DSC_1929-2.jpg\" \/>\n\t<meta property=\"og:image:width\" content=\"1920\" \/>\n\t<meta property=\"og:image:height\" content=\"1282\" \/>\n\t<meta property=\"og:image:type\" content=\"image\/jpeg\" \/>\n<meta name=\"twitter:card\" content=\"summary_large_image\" \/>\n<meta name=\"twitter:label1\" content=\"Estimated reading time\" \/>\n\t<meta name=\"twitter:data1\" content=\"1 minute\" \/>\n<script type=\"application\/ld+json\" class=\"yoast-schema-graph\">{\"@context\":\"https:\\\/\\\/schema.org\",\"@graph\":[{\"@type\":\"WebPage\",\"@id\":\"https:\\\/\\\/www.nargourmet.hu\\\/product\\\/nar-gourmet-tudastar-1-honapra\\\/\",\"url\":\"https:\\\/\\\/www.nargourmet.hu\\\/product\\\/nar-gourmet-tudastar-1-honapra\\\/\",\"name\":\"Nar Gourmet Tud\u00e1st\u00e1r - 1 h\u00f3napra - Nar Gourmet\",\"isPartOf\":{\"@id\":\"https:\\\/\\\/www.nargourmet.hu\\\/#website\"},\"primaryImageOfPage\":{\"@id\":\"https:\\\/\\\/www.nargourmet.hu\\\/product\\\/nar-gourmet-tudastar-1-honapra\\\/#primaryimage\"},\"image\":{\"@id\":\"https:\\\/\\\/www.nargourmet.hu\\\/product\\\/nar-gourmet-tudastar-1-honapra\\\/#primaryimage\"},\"thumbnailUrl\":\"https:\\\/\\\/www.nargourmet.hu\\\/wp-content\\\/uploads\\\/2022\\\/08\\\/DSC_1929-2.jpg\",\"datePublished\":\"2026-03-06T13:47:16+00:00\",\"dateModified\":\"2026-03-06T13:47:17+00:00\",\"breadcrumb\":{\"@id\":\"https:\\\/\\\/www.nargourmet.hu\\\/product\\\/nar-gourmet-tudastar-1-honapra\\\/#breadcrumb\"},\"inLanguage\":\"en-GB\",\"potentialAction\":[{\"@type\":\"ReadAction\",\"target\":[\"https:\\\/\\\/www.nargourmet.hu\\\/product\\\/nar-gourmet-tudastar-1-honapra\\\/\"]}]},{\"@type\":\"ImageObject\",\"inLanguage\":\"en-GB\",\"@id\":\"https:\\\/\\\/www.nargourmet.hu\\\/product\\\/nar-gourmet-tudastar-1-honapra\\\/#primaryimage\",\"url\":\"https:\\\/\\\/www.nargourmet.hu\\\/wp-content\\\/uploads\\\/2022\\\/08\\\/DSC_1929-2.jpg\",\"contentUrl\":\"https:\\\/\\\/www.nargourmet.hu\\\/wp-content\\\/uploads\\\/2022\\\/08\\\/DSC_1929-2.jpg\",\"width\":1920,\"height\":1282},{\"@type\":\"BreadcrumbList\",\"@id\":\"https:\\\/\\\/www.nargourmet.hu\\\/product\\\/nar-gourmet-tudastar-1-honapra\\\/#breadcrumb\",\"itemListElement\":[{\"@type\":\"ListItem\",\"position\":1,\"name\":\"Home\",\"item\":\"https:\\\/\\\/www.nargourmet.hu\\\/\"},{\"@type\":\"ListItem\",\"position\":2,\"name\":\"Products\",\"item\":\"https:\\\/\\\/www.nargourmet.hu\\\/en\\\/shop\\\/\"},{\"@type\":\"ListItem\",\"position\":3,\"name\":\"Nar Gourmet Tud\u00e1st\u00e1r &#8211; 1 h\u00f3napra\"}]},{\"@type\":\"WebSite\",\"@id\":\"https:\\\/\\\/www.nargourmet.hu\\\/#website\",\"url\":\"https:\\\/\\\/www.nargourmet.hu\\\/\",\"name\":\"Nar Gourmet\",\"description\":\"T\u00f6r\u00f6k gasztron\u00f3mia\",\"potentialAction\":[{\"@type\":\"SearchAction\",\"target\":{\"@type\":\"EntryPoint\",\"urlTemplate\":\"https:\\\/\\\/www.nargourmet.hu\\\/?s={search_term_string}\"},\"query-input\":{\"@type\":\"PropertyValueSpecification\",\"valueRequired\":true,\"valueName\":\"search_term_string\"}}],\"inLanguage\":\"en-GB\"}]}<\/script>\n<!-- \/ Yoast SEO plugin. -->","yoast_head_json":{"title":"Nar Gourmet Tud\u00e1st\u00e1r - 1 h\u00f3napra - Nar Gourmet","robots":{"index":"index","follow":"follow","max-snippet":"max-snippet:-1","max-image-preview":"max-image-preview:large","max-video-preview":"max-video-preview:-1"},"canonical":"https:\/\/www.nargourmet.hu\/en\/product\/nar-gourmet-tudastar-1-honapra\/","og_locale":"en_GB","og_type":"article","og_title":"Nar Gourmet Tud\u00e1st\u00e1r - 1 h\u00f3napra - Nar Gourmet","og_url":"https:\/\/www.nargourmet.hu\/en\/product\/nar-gourmet-tudastar-1-honapra\/","og_site_name":"Nar Gourmet","article_modified_time":"2026-03-06T13:47:17+00:00","og_image":[{"width":1920,"height":1282,"url":"https:\/\/www.nargourmet.hu\/wp-content\/uploads\/2022\/08\/DSC_1929-2.jpg","type":"image\/jpeg"}],"twitter_card":"summary_large_image","twitter_misc":{"Estimated reading time":"1 minute"},"schema":{"@context":"https:\/\/schema.org","@graph":[{"@type":"WebPage","@id":"https:\/\/www.nargourmet.hu\/product\/nar-gourmet-tudastar-1-honapra\/","url":"https:\/\/www.nargourmet.hu\/product\/nar-gourmet-tudastar-1-honapra\/","name":"Nar Gourmet Tud\u00e1st\u00e1r - 1 h\u00f3napra - Nar Gourmet","isPartOf":{"@id":"https:\/\/www.nargourmet.hu\/#website"},"primaryImageOfPage":{"@id":"https:\/\/www.nargourmet.hu\/product\/nar-gourmet-tudastar-1-honapra\/#primaryimage"},"image":{"@id":"https:\/\/www.nargourmet.hu\/product\/nar-gourmet-tudastar-1-honapra\/#primaryimage"},"thumbnailUrl":"https:\/\/www.nargourmet.hu\/wp-content\/uploads\/2022\/08\/DSC_1929-2.jpg","datePublished":"2026-03-06T13:47:16+00:00","dateModified":"2026-03-06T13:47:17+00:00","breadcrumb":{"@id":"https:\/\/www.nargourmet.hu\/product\/nar-gourmet-tudastar-1-honapra\/#breadcrumb"},"inLanguage":"en-GB","potentialAction":[{"@type":"ReadAction","target":["https:\/\/www.nargourmet.hu\/product\/nar-gourmet-tudastar-1-honapra\/"]}]},{"@type":"ImageObject","inLanguage":"en-GB","@id":"https:\/\/www.nargourmet.hu\/product\/nar-gourmet-tudastar-1-honapra\/#primaryimage","url":"https:\/\/www.nargourmet.hu\/wp-content\/uploads\/2022\/08\/DSC_1929-2.jpg","contentUrl":"https:\/\/www.nargourmet.hu\/wp-content\/uploads\/2022\/08\/DSC_1929-2.jpg","width":1920,"height":1282},{"@type":"BreadcrumbList","@id":"https:\/\/www.nargourmet.hu\/product\/nar-gourmet-tudastar-1-honapra\/#breadcrumb","itemListElement":[{"@type":"ListItem","position":1,"name":"Home","item":"https:\/\/www.nargourmet.hu\/"},{"@type":"ListItem","position":2,"name":"Products","item":"https:\/\/www.nargourmet.hu\/en\/shop\/"},{"@type":"ListItem","position":3,"name":"Nar Gourmet Tud\u00e1st\u00e1r &#8211; 1 h\u00f3napra"}]},{"@type":"WebSite","@id":"https:\/\/www.nargourmet.hu\/#website","url":"https:\/\/www.nargourmet.hu\/","name":"Nar Gourmet","description":"T\u00f6r\u00f6k gasztron\u00f3mia","potentialAction":[{"@type":"SearchAction","target":{"@type":"EntryPoint","urlTemplate":"https:\/\/www.nargourmet.hu\/?s={search_term_string}"},"query-input":{"@type":"PropertyValueSpecification","valueRequired":true,"valueName":"search_term_string"}}],"inLanguage":"en-GB"}]}},"_links":{"self":[{"href":"https:\/\/www.nargourmet.hu\/en\/wp-json\/wp\/v2\/product\/3459","targetHints":{"allow":["GET"]}}],"collection":[{"href":"https:\/\/www.nargourmet.hu\/en\/wp-json\/wp\/v2\/product"}],"about":[{"href":"https:\/\/www.nargourmet.hu\/en\/wp-json\/wp\/v2\/types\/product"}],"wp:featuredmedia":[{"embeddable":true,"href":"https:\/\/www.nargourmet.hu\/en\/wp-json\/wp\/v2\/media\/1761"}],"wp:attachment":[{"href":"https:\/\/www.nargourmet.hu\/en\/wp-json\/wp\/v2\/media?parent=3459"}],"wp:term":[{"taxonomy":"product_brand","embeddable":true,"href":"https:\/\/www.nargourmet.hu\/en\/wp-json\/wp\/v2\/product_brand?post=3459"},{"taxonomy":"product_cat","embeddable":true,"href":"https:\/\/www.nargourmet.hu\/en\/wp-json\/wp\/v2\/product_cat?post=3459"},{"taxonomy":"product_tag","embeddable":true,"href":"https:\/\/www.nargourmet.hu\/en\/wp-json\/wp\/v2\/product_tag?post=3459"}],"curies":[{"name":"wp","href":"https:\/\/api.w.org\/{rel}","templated":true}]}}